{"id":55,"date":"2024-05-18T13:26:59","date_gmt":"2024-05-18T13:26:59","guid":{"rendered":"https:\/\/casa-bunicului-hateg.ro\/site\/?page_id=55"},"modified":"2024-05-21T08:00:22","modified_gmt":"2024-05-21T08:00:22","slug":"activitati","status":"publish","type":"page","link":"https:\/\/casa-bunicului-hateg.ro\/site\/activitati\/","title":{"rendered":"Activit\u0103\u021bi"},"content":{"rendered":"<h2><strong>Tirolian\u0103<\/strong><\/h2>\n<p>O activitate plin\u0103 de adrenalin\u0103 (v\u0103 rug\u0103m s\u0103 citi\u021bi instruc\u021biunile legate de utilizarea tirolianei pentru evitarea accidentelor).<\/p>\n<p><img loading=\"lazy\" decoding=\"async\" class=\"alignnone size-medium wp-image-87\" src=\"https:\/\/casa-bunicului-hateg.ro\/site\/wp-content\/uploads\/2024\/05\/41a7b253-7ad9-4cdf-b817-fe2822d356eb-225x300.jpg\" alt=\"\" width=\"225\" height=\"300\" srcset=\"https:\/\/casa-bunicului-hateg.ro\/site\/wp-content\/uploads\/2024\/05\/41a7b253-7ad9-4cdf-b817-fe2822d356eb-225x300.jpg 225w, https:\/\/casa-bunicului-hateg.ro\/site\/wp-content\/uploads\/2024\/05\/41a7b253-7ad9-4cdf-b817-fe2822d356eb-768x1024.jpg 768w, https:\/\/casa-bunicului-hateg.ro\/site\/wp-content\/uploads\/2024\/05\/41a7b253-7ad9-4cdf-b817-fe2822d356eb-1152x1536.jpg 1152w, https:\/\/casa-bunicului-hateg.ro\/site\/wp-content\/uploads\/2024\/05\/41a7b253-7ad9-4cdf-b817-fe2822d356eb.jpg 1200w\" sizes=\"auto, (max-width: 225px) 100vw, 225px\" \/><\/p>\n<h2><strong>Trambulin\u0103 \u0219i lad\u0103 cu nisip<\/strong><\/h2>\n<p><img loading=\"lazy\" decoding=\"async\" class=\"alignnone size-medium wp-image-89\" src=\"https:\/\/casa-bunicului-hateg.ro\/site\/wp-content\/uploads\/2024\/05\/WhatsApp-Image-2024-05-21-at-10.58.01-300x225.jpeg\" alt=\"\" width=\"300\" height=\"225\" srcset=\"https:\/\/casa-bunicului-hateg.ro\/site\/wp-content\/uploads\/2024\/05\/WhatsApp-Image-2024-05-21-at-10.58.01-300x225.jpeg 300w, https:\/\/casa-bunicului-hateg.ro\/site\/wp-content\/uploads\/2024\/05\/WhatsApp-Image-2024-05-21-at-10.58.01-1024x768.jpeg 1024w, https:\/\/casa-bunicului-hateg.ro\/site\/wp-content\/uploads\/2024\/05\/WhatsApp-Image-2024-05-21-at-10.58.01-768x576.jpeg 768w, https:\/\/casa-bunicului-hateg.ro\/site\/wp-content\/uploads\/2024\/05\/WhatsApp-Image-2024-05-21-at-10.58.01-1536x1152.jpeg 1536w, https:\/\/casa-bunicului-hateg.ro\/site\/wp-content\/uploads\/2024\/05\/WhatsApp-Image-2024-05-21-at-10.58.01.jpeg 1600w\" sizes=\"auto, (max-width: 300px) 100vw, 300px\" \/><\/p>\n<h2><strong>Hinte copii \u0219i bebelu\u0219i<\/strong><\/h2>\n<p><img loading=\"lazy\" decoding=\"async\" class=\"alignnone size-medium wp-image-77\" src=\"https:\/\/casa-bunicului-hateg.ro\/site\/wp-content\/uploads\/2024\/05\/cff04e9c-a0f3-4b34-8ce5-1ff444cd91c0-300x225.jpg\" alt=\"\" width=\"300\" height=\"225\" srcset=\"https:\/\/casa-bunicului-hateg.ro\/site\/wp-content\/uploads\/2024\/05\/cff04e9c-a0f3-4b34-8ce5-1ff444cd91c0-300x225.jpg 300w, https:\/\/casa-bunicului-hateg.ro\/site\/wp-content\/uploads\/2024\/05\/cff04e9c-a0f3-4b34-8ce5-1ff444cd91c0-768x576.jpg 768w, https:\/\/casa-bunicului-hateg.ro\/site\/wp-content\/uploads\/2024\/05\/cff04e9c-a0f3-4b34-8ce5-1ff444cd91c0.jpg 1024w\" sizes=\"auto, (max-width: 300px) 100vw, 300px\" \/><\/p>\n","protected":false},"excerpt":{"rendered":"<p>Tirolian\u0103 O activitate plin\u0103 de adrenalin\u0103 (v\u0103 rug\u0103m s\u0103 citi\u021bi instruc\u021biunile legate de utilizarea tirolianei pentru evitarea accidentelor). Trambulin\u0103 \u0219i lad\u0103 cu nisip Hinte copii \u0219i bebelu\u0219i<\/p>\n","protected":false},"author":2,"featured_media":0,"parent":0,"menu_order":0,"comment_status":"closed","ping_status":"closed","template":"","meta":{"footnotes":""},"class_list":["post-55","page","type-page","status-publish","hentry"],"_links":{"self":[{"href":"https:\/\/casa-bunicului-hateg.ro\/site\/wp-json\/wp\/v2\/pages\/55","targetHints":{"allow":["GET"]}}],"collection":[{"href":"https:\/\/casa-bunicului-hateg.ro\/site\/wp-json\/wp\/v2\/pages"}],"about":[{"href":"https:\/\/casa-bunicului-hateg.ro\/site\/wp-json\/wp\/v2\/types\/page"}],"author":[{"embeddable":true,"href":"https:\/\/casa-bunicului-hateg.ro\/site\/wp-json\/wp\/v2\/users\/2"}],"replies":[{"embeddable":true,"href":"https:\/\/casa-bunicului-hateg.ro\/site\/wp-json\/wp\/v2\/comments?post=55"}],"version-history":[{"count":7,"href":"https:\/\/casa-bunicului-hateg.ro\/site\/wp-json\/wp\/v2\/pages\/55\/revisions"}],"predecessor-version":[{"id":91,"href":"https:\/\/casa-bunicului-hateg.ro\/site\/wp-json\/wp\/v2\/pages\/55\/revisions\/91"}],"wp:attachment":[{"href":"https:\/\/casa-bunicului-hateg.ro\/site\/wp-json\/wp\/v2\/media?parent=55"}],"curies":[{"name":"wp","href":"https:\/\/api.w.org\/{rel}","templated":true}]}}