{"id":45,"date":"2024-05-18T12:03:27","date_gmt":"2024-05-18T12:03:27","guid":{"rendered":"https:\/\/casa-bunicului-hateg.ro\/site\/?page_id=45"},"modified":"2024-05-21T07:46:10","modified_gmt":"2024-05-21T07:46:10","slug":"oferta","status":"publish","type":"page","link":"https:\/\/casa-bunicului-hateg.ro\/site\/oferta\/","title":{"rendered":"Ce ofer\u0103 pensiunea"},"content":{"rendered":"<h2><strong>Wi-Fi gratuit<\/strong><img loading=\"lazy\" decoding=\"async\" class=\"wp-image-49 alignright\" style=\"color: #333333; font-size: 1rem;\" src=\"https:\/\/casa-bunicului-hateg.ro\/site\/wp-content\/uploads\/2024\/05\/free-wifi-logo-icon-png-images-23-293x300.png\" alt=\"\" width=\"41\" height=\"42\" srcset=\"https:\/\/casa-bunicului-hateg.ro\/site\/wp-content\/uploads\/2024\/05\/free-wifi-logo-icon-png-images-23-293x300.png 293w, https:\/\/casa-bunicului-hateg.ro\/site\/wp-content\/uploads\/2024\/05\/free-wifi-logo-icon-png-images-23-999x1024.png 999w, https:\/\/casa-bunicului-hateg.ro\/site\/wp-content\/uploads\/2024\/05\/free-wifi-logo-icon-png-images-23-150x150.png 150w, https:\/\/casa-bunicului-hateg.ro\/site\/wp-content\/uploads\/2024\/05\/free-wifi-logo-icon-png-images-23-768x787.png 768w, https:\/\/casa-bunicului-hateg.ro\/site\/wp-content\/uploads\/2024\/05\/free-wifi-logo-icon-png-images-23-100x100.png 100w, https:\/\/casa-bunicului-hateg.ro\/site\/wp-content\/uploads\/2024\/05\/free-wifi-logo-icon-png-images-23.png 1276w\" sizes=\"auto, (max-width: 41px) 100vw, 41px\" \/><\/h2>\n<p>Parola pentru Wi-Fi este afi\u0219at\u0103 vizibil \u00een interiorul casei.<\/p>\n<h2><\/h2>\n<h2><strong>Buc\u0103t\u0103rie moderna<\/strong><\/h2>\n<p>Buc\u0103t\u0103ria este dotat\u0103 cu tot ce ave\u021bi nevoie pentru a g\u0103ti, sim\u021bindu-v\u0103 ca acas\u0103. \u00cen dotare se afl\u0103 un cuptor electric, cuptor cu microunde, plit\u0103 vitroceramic\u0103, hot\u0103, frigider cu congelator, filtru cafea \u0219i expresor cafea, vesela complet\u0103 \u0219i un scaun de mas\u0103 pentru copii.<\/p>\n<p>&nbsp;<\/p>\n<h2><strong>Ma\u0219in\u0103 de sp\u0103lat<\/strong><\/h2>\n<p>Casa ofer\u0103 ma\u0219in\u0103 de sp\u0103lat haine \u00eempreuna cu detergent \u0219i balsam rufe.<\/p>\n<p>&nbsp;<\/p>\n<h2><strong>Smart TV<\/strong><\/h2>\n<p>Popcorn + canapea :))<\/p>\n<h2><strong>Teras\u0103 \u0219i livad\u0103<\/strong><\/h2>\n<p>Un loc perfect unde po\u021bi petrece momente frumoase al\u0103turi de cei dragi \u0219i te po\u021bi relaxa \u00een lini\u0219tea naturii.<\/p>\n<p>&nbsp;<\/p>\n<h2><strong>Gr\u0103tar<\/strong><\/h2>\n<ol>\n<li style=\"list-style-type: none;\">C\u0103rbuni \u0219i lemne.<\/li>\n<\/ol>\n<p>&nbsp;<\/p>\n","protected":false},"excerpt":{"rendered":"<p>Wi-Fi gratuit Parola pentru Wi-Fi este afi\u0219at\u0103 vizibil \u00een interiorul casei. Buc\u0103t\u0103rie moderna Buc\u0103t\u0103ria este dotat\u0103 cu tot ce ave\u021bi nevoie pentru a g\u0103ti, sim\u021bindu-v\u0103 ca acas\u0103. \u00cen dotare se afl\u0103 un cuptor electric, cuptor cu microunde, plit\u0103 vitroceramic\u0103, hot\u0103, frigider cu congelator, filtru cafea \u0219i expresor cafea, vesela complet\u0103 \u0219i un scaun de mas\u0103 &hellip; <\/p>\n<p class=\"link-more\"><a href=\"https:\/\/casa-bunicului-hateg.ro\/site\/oferta\/\" class=\"more-link\">Continue reading<span class=\"screen-reader-text\"> &#8220;Ce ofer\u0103 pensiunea&#8221;<\/span><\/a><\/p>\n","protected":false},"author":2,"featured_media":0,"parent":0,"menu_order":0,"comment_status":"closed","ping_status":"closed","template":"","meta":{"footnotes":""},"class_list":["post-45","page","type-page","status-publish","hentry"],"_links":{"self":[{"href":"https:\/\/casa-bunicului-hateg.ro\/site\/wp-json\/wp\/v2\/pages\/45","targetHints":{"allow":["GET"]}}],"collection":[{"href":"https:\/\/casa-bunicului-hateg.ro\/site\/wp-json\/wp\/v2\/pages"}],"about":[{"href":"https:\/\/casa-bunicului-hateg.ro\/site\/wp-json\/wp\/v2\/types\/page"}],"author":[{"embeddable":true,"href":"https:\/\/casa-bunicului-hateg.ro\/site\/wp-json\/wp\/v2\/users\/2"}],"replies":[{"embeddable":true,"href":"https:\/\/casa-bunicului-hateg.ro\/site\/wp-json\/wp\/v2\/comments?post=45"}],"version-history":[{"count":14,"href":"https:\/\/casa-bunicului-hateg.ro\/site\/wp-json\/wp\/v2\/pages\/45\/revisions"}],"predecessor-version":[{"id":72,"href":"https:\/\/casa-bunicului-hateg.ro\/site\/wp-json\/wp\/v2\/pages\/45\/revisions\/72"}],"wp:attachment":[{"href":"https:\/\/casa-bunicului-hateg.ro\/site\/wp-json\/wp\/v2\/media?parent=45"}],"curies":[{"name":"wp","href":"https:\/\/api.w.org\/{rel}","templated":true}]}}