{"id":30,"date":"2024-05-10T21:10:10","date_gmt":"2024-05-10T21:10:10","guid":{"rendered":"https:\/\/casa-bunicului-hateg.ro\/site\/?page_id=30"},"modified":"2024-05-21T07:33:03","modified_gmt":"2024-05-21T07:33:03","slug":"bine-ati-venit","status":"publish","type":"page","link":"https:\/\/casa-bunicului-hateg.ro\/site\/bine-ati-venit\/","title":{"rendered":"Despre noi"},"content":{"rendered":"<p>C\u0103su\u021ba noastr\u0103 este situat\u0103 la marginea p\u0103durii, la ie\u0219irea din localitatea Ha\u021beg spre M\u0103n\u0103stirea Prislop, o oaz\u0103 de lini\u0219te si aer curat unde ve\u021bi uita cu des\u0103v\u00e2r\u0219ire zgomotul ora\u0219elor aglomerate.<\/p>\n<p>Casa Bunicului v\u0103 \u00eenc\u00e2nt\u0103 cu o gr\u0103din\u0103 cu pomi fructiferi \u0219i gazon cu vedere spre Mun\u021bii Retezat. Include 2 dormitoare, un living, un televizor cu ecran plat, o buc\u0103t\u0103rie complet utilat\u0103, cu frigider \u0219i cuptor, precum \u0219i o baie cu du\u0219. Casa noastr\u0103 de vacan\u021b\u0103 pune la dispozi\u021bia clien\u021bilor prosoape \u0219i lenjerie de pat.<\/p>\n<p>V\u0103 invit\u0103m cu drag s\u0103 ave\u021bi un sejur perfect \u00eempreun\u0103 cu \u00eentreaga familie \u00een locuin\u021ba noastr\u0103 curat\u0103 si primitoare.<\/p>\n","protected":false},"excerpt":{"rendered":"<p>C\u0103su\u021ba noastr\u0103 este situat\u0103 la marginea p\u0103durii, la ie\u0219irea din localitatea Ha\u021beg spre M\u0103n\u0103stirea Prislop, o oaz\u0103 de lini\u0219te si aer curat unde ve\u021bi uita cu des\u0103v\u00e2r\u0219ire zgomotul ora\u0219elor aglomerate. Casa Bunicului v\u0103 \u00eenc\u00e2nt\u0103 cu o gr\u0103din\u0103 cu pomi fructiferi \u0219i gazon cu vedere spre Mun\u021bii Retezat. Include 2 dormitoare, un living, un televizor cu &hellip; <\/p>\n<p class=\"link-more\"><a href=\"https:\/\/casa-bunicului-hateg.ro\/site\/bine-ati-venit\/\" class=\"more-link\">Continue reading<span class=\"screen-reader-text\"> &#8220;Despre noi&#8221;<\/span><\/a><\/p>\n","protected":false},"author":1,"featured_media":0,"parent":0,"menu_order":0,"comment_status":"closed","ping_status":"closed","template":"","meta":{"footnotes":""},"class_list":["post-30","page","type-page","status-publish","hentry"],"_links":{"self":[{"href":"https:\/\/casa-bunicului-hateg.ro\/site\/wp-json\/wp\/v2\/pages\/30","targetHints":{"allow":["GET"]}}],"collection":[{"href":"https:\/\/casa-bunicului-hateg.ro\/site\/wp-json\/wp\/v2\/pages"}],"about":[{"href":"https:\/\/casa-bunicului-hateg.ro\/site\/wp-json\/wp\/v2\/types\/page"}],"author":[{"embeddable":true,"href":"https:\/\/casa-bunicului-hateg.ro\/site\/wp-json\/wp\/v2\/users\/1"}],"replies":[{"embeddable":true,"href":"https:\/\/casa-bunicului-hateg.ro\/site\/wp-json\/wp\/v2\/comments?post=30"}],"version-history":[{"count":6,"href":"https:\/\/casa-bunicului-hateg.ro\/site\/wp-json\/wp\/v2\/pages\/30\/revisions"}],"predecessor-version":[{"id":70,"href":"https:\/\/casa-bunicului-hateg.ro\/site\/wp-json\/wp\/v2\/pages\/30\/revisions\/70"}],"wp:attachment":[{"href":"https:\/\/casa-bunicului-hateg.ro\/site\/wp-json\/wp\/v2\/media?parent=30"}],"curies":[{"name":"wp","href":"https:\/\/api.w.org\/{rel}","templated":true}]}}